{"id":3,"date":"2025-08-21T14:53:32","date_gmt":"2025-08-21T14:53:32","guid":{"rendered":"https:\/\/lp.toledopacheco.adv.br\/?page_id=3"},"modified":"2025-10-15T20:02:41","modified_gmt":"2025-10-15T20:02:41","slug":"privacy-policy","status":"publish","type":"page","link":"https:\/\/lp.toledopacheco.adv.br\/index.php\/privacy-policy\/","title":{"rendered":"Privacy Policy"},"content":{"rendered":"\t\t<div data-elementor-type=\"wp-page\" data-elementor-id=\"3\" class=\"elementor elementor-3\" data-elementor-post-type=\"page\">\n\t\t\t\t<div class=\"elementor-element elementor-element-8b8e295 e-flex e-con-boxed e-con e-parent\" data-id=\"8b8e295\" data-element_type=\"container\" data-e-type=\"container\" data-settings=\"{&quot;background_background&quot;:&quot;gradient&quot;}\">\n\t\t\t\t\t<div class=\"e-con-inner\">\n\t\t<div class=\"elementor-element elementor-element-5136cd9 e-con-full e-flex e-con e-child\" data-id=\"5136cd9\" data-element_type=\"container\" data-e-type=\"container\">\n\t\t\t\t<div class=\"elementor-element elementor-element-fedb2c4 elementor-widget__width-initial elementor-widget elementor-widget-image\" data-id=\"fedb2c4\" data-element_type=\"widget\" data-e-type=\"widget\" data-widget_type=\"image.default\">\n\t\t\t\t\t\t\t\t\t\t\t\t\t\t\t<img fetchpriority=\"high\" decoding=\"async\" width=\"2560\" height=\"744\" src=\"https:\/\/lp.toledopacheco.adv.br\/wp-content\/uploads\/2025\/09\/Toledo-Pacheco-Completa-Sem-fundo-branco-scaled.png\" class=\"attachment-full size-full wp-image-50\" alt=\"\" srcset=\"https:\/\/lp.toledopacheco.adv.br\/wp-content\/uploads\/2025\/09\/Toledo-Pacheco-Completa-Sem-fundo-branco-scaled.png 2560w, https:\/\/lp.toledopacheco.adv.br\/wp-content\/uploads\/2025\/09\/Toledo-Pacheco-Completa-Sem-fundo-branco-300x87.png 300w, https:\/\/lp.toledopacheco.adv.br\/wp-content\/uploads\/2025\/09\/Toledo-Pacheco-Completa-Sem-fundo-branco-1024x298.png 1024w, https:\/\/lp.toledopacheco.adv.br\/wp-content\/uploads\/2025\/09\/Toledo-Pacheco-Completa-Sem-fundo-branco-768x223.png 768w, https:\/\/lp.toledopacheco.adv.br\/wp-content\/uploads\/2025\/09\/Toledo-Pacheco-Completa-Sem-fundo-branco-1536x446.png 1536w, https:\/\/lp.toledopacheco.adv.br\/wp-content\/uploads\/2025\/09\/Toledo-Pacheco-Completa-Sem-fundo-branco-2048x595.png 2048w\" sizes=\"(max-width: 2560px) 100vw, 2560px\" \/>\t\t\t\t\t\t\t\t\t\t\t\t\t\t\t<\/div>\n\t\t\t\t<\/div>\n\t\t<div class=\"elementor-element elementor-element-c2971cd e-con-full e-transform e-flex e-con e-child\" data-id=\"c2971cd\" data-element_type=\"container\" data-e-type=\"container\" data-settings=\"{&quot;_transform_translateX_effect&quot;:{&quot;unit&quot;:&quot;px&quot;,&quot;size&quot;:15,&quot;sizes&quot;:[]},&quot;_transform_translateX_effect_tablet&quot;:{&quot;unit&quot;:&quot;px&quot;,&quot;size&quot;:&quot;&quot;,&quot;sizes&quot;:[]},&quot;_transform_translateX_effect_mobile&quot;:{&quot;unit&quot;:&quot;px&quot;,&quot;size&quot;:&quot;&quot;,&quot;sizes&quot;:[]},&quot;_transform_translateY_effect&quot;:{&quot;unit&quot;:&quot;px&quot;,&quot;size&quot;:&quot;&quot;,&quot;sizes&quot;:[]},&quot;_transform_translateY_effect_tablet&quot;:{&quot;unit&quot;:&quot;px&quot;,&quot;size&quot;:&quot;&quot;,&quot;sizes&quot;:[]},&quot;_transform_translateY_effect_mobile&quot;:{&quot;unit&quot;:&quot;px&quot;,&quot;size&quot;:&quot;&quot;,&quot;sizes&quot;:[]}}\">\n\t\t\t\t<div class=\"elementor-element elementor-element-a503e33 elementor-nav-menu__align-center elementor-nav-menu--stretch elementor-nav-menu__text-align-center elementor-nav-menu--dropdown-tablet elementor-nav-menu--toggle elementor-nav-menu--burger elementor-widget elementor-widget-nav-menu\" data-id=\"a503e33\" data-element_type=\"widget\" data-e-type=\"widget\" data-settings=\"{&quot;full_width&quot;:&quot;stretch&quot;,&quot;layout&quot;:&quot;horizontal&quot;,&quot;submenu_icon&quot;:{&quot;value&quot;:&quot;&lt;svg class=\\&quot;e-font-icon-svg e-fas-caret-down\\&quot; viewBox=\\&quot;0 0 320 512\\&quot; xmlns=\\&quot;http:\\\/\\\/www.w3.org\\\/2000\\\/svg\\&quot;&gt;&lt;path d=\\&quot;M31.3 192h257.3c17.8 0 26.7 21.5 14.1 34.1L174.1 354.8c-7.8 7.8-20.5 7.8-28.3 0L17.2 226.1C4.6 213.5 13.5 192 31.3 192z\\&quot;&gt;&lt;\\\/path&gt;&lt;\\\/svg&gt;&quot;,&quot;library&quot;:&quot;fa-solid&quot;},&quot;toggle&quot;:&quot;burger&quot;}\" data-widget_type=\"nav-menu.default\">\n\t\t\t\t\t\t\t\t<nav aria-label=\"Menu\" class=\"elementor-nav-menu--main elementor-nav-menu__container elementor-nav-menu--layout-horizontal e--pointer-none\">\n\t\t\t\t<ul id=\"menu-1-a503e33\" class=\"elementor-nav-menu\"><li class=\"menu-item menu-item-type-custom menu-item-object-custom menu-item-169\"><a href=\"#Inicio\" class=\"elementor-item elementor-item-anchor\">Inicio<\/a><\/li>\n<li class=\"menu-item menu-item-type-custom menu-item-object-custom menu-item-170\"><a href=\"#Servicos\" class=\"elementor-item elementor-item-anchor\">Servi\u00e7os<\/a><\/li>\n<li class=\"menu-item menu-item-type-custom menu-item-object-custom menu-item-171\"><a href=\"#Depoimentos\" class=\"elementor-item elementor-item-anchor\">Depoimentos<\/a><\/li>\n<li class=\"menu-item menu-item-type-custom menu-item-object-custom menu-item-172\"><a href=\"#Sobre\" class=\"elementor-item elementor-item-anchor\">Sobre<\/a><\/li>\n<\/ul>\t\t\t<\/nav>\n\t\t\t\t\t<div class=\"elementor-menu-toggle\" role=\"button\" tabindex=\"0\" aria-label=\"Menu Toggle\" aria-expanded=\"false\">\n\t\t\t<svg aria-hidden=\"true\" role=\"presentation\" class=\"elementor-menu-toggle__icon--open e-font-icon-svg e-eicon-menu-bar\" viewBox=\"0 0 1000 1000\" xmlns=\"http:\/\/www.w3.org\/2000\/svg\"><path d=\"M104 333H896C929 333 958 304 958 271S929 208 896 208H104C71 208 42 237 42 271S71 333 104 333ZM104 583H896C929 583 958 554 958 521S929 458 896 458H104C71 458 42 487 42 521S71 583 104 583ZM104 833H896C929 833 958 804 958 771S929 708 896 708H104C71 708 42 737 42 771S71 833 104 833Z\"><\/path><\/svg><svg aria-hidden=\"true\" role=\"presentation\" class=\"elementor-menu-toggle__icon--close e-font-icon-svg e-eicon-close\" viewBox=\"0 0 1000 1000\" xmlns=\"http:\/\/www.w3.org\/2000\/svg\"><path d=\"M742 167L500 408 258 167C246 154 233 150 217 150 196 150 179 158 167 167 154 179 150 196 150 212 150 229 154 242 171 254L408 500 167 742C138 771 138 800 167 829 196 858 225 858 254 829L496 587 738 829C750 842 767 846 783 846 800 846 817 842 829 829 842 817 846 804 846 783 846 767 842 750 829 737L588 500 833 258C863 229 863 200 833 171 804 137 775 137 742 167Z\"><\/path><\/svg>\t\t<\/div>\n\t\t\t\t\t<nav class=\"elementor-nav-menu--dropdown elementor-nav-menu__container\" aria-hidden=\"true\">\n\t\t\t\t<ul id=\"menu-2-a503e33\" class=\"elementor-nav-menu\"><li class=\"menu-item menu-item-type-custom menu-item-object-custom menu-item-169\"><a href=\"#Inicio\" class=\"elementor-item elementor-item-anchor\" tabindex=\"-1\">Inicio<\/a><\/li>\n<li class=\"menu-item menu-item-type-custom menu-item-object-custom menu-item-170\"><a href=\"#Servicos\" class=\"elementor-item elementor-item-anchor\" tabindex=\"-1\">Servi\u00e7os<\/a><\/li>\n<li class=\"menu-item menu-item-type-custom menu-item-object-custom menu-item-171\"><a href=\"#Depoimentos\" class=\"elementor-item elementor-item-anchor\" tabindex=\"-1\">Depoimentos<\/a><\/li>\n<li class=\"menu-item menu-item-type-custom menu-item-object-custom menu-item-172\"><a href=\"#Sobre\" class=\"elementor-item elementor-item-anchor\" tabindex=\"-1\">Sobre<\/a><\/li>\n<\/ul>\t\t\t<\/nav>\n\t\t\t\t\t\t<\/div>\n\t\t\t\t<\/div>\n\t\t<div class=\"elementor-element elementor-element-835695c e-con-full elementor-hidden-mobile elementor-hidden-tablet e-flex e-con e-child\" data-id=\"835695c\" data-element_type=\"container\" data-e-type=\"container\">\n\t\t\t\t<div class=\"elementor-element elementor-element-97965f6 elementor-align-left elementor-widget__width-initial elementor-mobile-align-center elementor-widget elementor-widget-button\" data-id=\"97965f6\" data-element_type=\"widget\" data-e-type=\"widget\" data-widget_type=\"button.default\">\n\t\t\t\t\t\t\t\t\t\t<a class=\"elementor-button elementor-button-link elementor-size-sm elementor-animation-shrink\" href=\"https:\/\/wa.me\/5511916036798?text=Quero%20falar%20com%20a%20Dra.%20Luciana%20Toledo\" target=\"_blank\">\n\t\t\t\t\t\t<span class=\"elementor-button-content-wrapper\">\n\t\t\t\t\t\t<span class=\"elementor-button-icon\">\n\t\t\t\t<svg aria-hidden=\"true\" class=\"e-font-icon-svg e-fab-whatsapp\" viewBox=\"0 0 448 512\" xmlns=\"http:\/\/www.w3.org\/2000\/svg\"><path d=\"M380.9 97.1C339 55.1 283.2 32 223.9 32c-122.4 0-222 99.6-222 222 0 39.1 10.2 77.3 29.6 111L0 480l117.7-30.9c32.4 17.7 68.9 27 106.1 27h.1c122.3 0 224.1-99.6 224.1-222 0-59.3-25.2-115-67.1-157zm-157 341.6c-33.2 0-65.7-8.9-94-25.7l-6.7-4-69.8 18.3L72 359.2l-4.4-7c-18.5-29.4-28.2-63.3-28.2-98.2 0-101.7 82.8-184.5 184.6-184.5 49.3 0 95.6 19.2 130.4 54.1 34.8 34.9 56.2 81.2 56.1 130.5 0 101.8-84.9 184.6-186.6 184.6zm101.2-138.2c-5.5-2.8-32.8-16.2-37.9-18-5.1-1.9-8.8-2.8-12.5 2.8-3.7 5.6-14.3 18-17.6 21.8-3.2 3.7-6.5 4.2-12 1.4-32.6-16.3-54-29.1-75.5-66-5.7-9.8 5.7-9.1 16.3-30.3 1.8-3.7.9-6.9-.5-9.7-1.4-2.8-12.5-30.1-17.1-41.2-4.5-10.8-9.1-9.3-12.5-9.5-3.2-.2-6.9-.2-10.6-.2-3.7 0-9.7 1.4-14.8 6.9-5.1 5.6-19.4 19-19.4 46.3 0 27.3 19.9 53.7 22.6 57.4 2.8 3.7 39.1 59.7 94.8 83.8 35.2 15.2 49 16.5 66.6 13.9 10.7-1.6 32.8-13.4 37.4-26.4 4.6-13 4.6-24.1 3.2-26.4-1.3-2.5-5-3.9-10.5-6.6z\"><\/path><\/svg>\t\t\t<\/span>\n\t\t\t\t\t\t\t\t\t<span class=\"elementor-button-text\">Contato<\/span>\n\t\t\t\t\t<\/span>\n\t\t\t\t\t<\/a>\n\t\t\t\t\t\t\t\t<\/div>\n\t\t\t\t<\/div>\n\t\t\t\t\t<\/div>\n\t\t\t\t<\/div>\n\t\t<div class=\"elementor-element elementor-element-f65b76 e-flex e-con-boxed e-con e-parent\" data-id=\"f65b76\" data-element_type=\"container\" data-e-type=\"container\">\n\t\t\t\t\t<div class=\"e-con-inner\">\n\t\t\t\t<div class=\"elementor-element elementor-element-4e19144e elementor-widget elementor-widget-text-editor\" data-id=\"4e19144e\" data-element_type=\"widget\" data-e-type=\"widget\" data-widget_type=\"text-editor.default\">\n\t\t\t\t\t\t\t\t\t<h1 data-start=\"99\" data-end=\"153\">Pol\u00edtica de Privacidade \u2013 Toledo Pacheco Advocacia<\/h1>\n<p data-start=\"155\" data-end=\"397\">A Toledo Pacheco respeita a sua privacidade e se compromete a proteger os dados pessoais de todos os usu\u00e1rios que acessam este site. Esta Pol\u00edtica de Privacidade explica como coletamos, utilizamos, armazenamos e protegemos suas informa\u00e7\u00f5es.<\/p>\n<h2 data-start=\"399\" data-end=\"428\">1. Coleta de Informa\u00e7\u00f5es<\/h2>\n<p data-start=\"429\" data-end=\"515\">Podemos coletar informa\u00e7\u00f5es pessoais fornecidas voluntariamente por voc\u00ea, tais como:<\/p>\n<ul data-start=\"516\" data-end=\"656\">\n<li data-start=\"516\" data-end=\"534\">\n<p data-start=\"518\" data-end=\"534\">Nome completo;<\/p>\n<\/li>\n<li data-start=\"535\" data-end=\"546\">\n<p data-start=\"537\" data-end=\"546\">E-mail;<\/p>\n<\/li>\n<li data-start=\"547\" data-end=\"572\">\n<p data-start=\"549\" data-end=\"572\">Telefone ou WhatsApp;<\/p>\n<\/li>\n<li data-start=\"573\" data-end=\"656\">\n<p data-start=\"575\" data-end=\"656\">Dados fornecidos por meio de formul\u00e1rios de contato ou agendamento de consulta.<\/p>\n<\/li>\n<\/ul>\n<p data-start=\"658\" data-end=\"802\">Tamb\u00e9m podemos coletar informa\u00e7\u00f5es automaticamente, como endere\u00e7o de IP, cookies e dados de navega\u00e7\u00e3o, para melhorar a experi\u00eancia do usu\u00e1rio.<\/p>\n<h2 data-start=\"804\" data-end=\"831\">2. Uso das Informa\u00e7\u00f5es<\/h2>\n<p data-start=\"832\" data-end=\"879\">As informa\u00e7\u00f5es coletadas t\u00eam como finalidade:<\/p>\n<ul data-start=\"880\" data-end=\"1140\">\n<li data-start=\"880\" data-end=\"922\">\n<p data-start=\"882\" data-end=\"922\">Entrar em contato a pedido do usu\u00e1rio;<\/p>\n<\/li>\n<li data-start=\"923\" data-end=\"976\">\n<p data-start=\"925\" data-end=\"976\">Agendar consultas e prestar atendimento jur\u00eddico;<\/p>\n<\/li>\n<li data-start=\"977\" data-end=\"1014\">\n<p data-start=\"979\" data-end=\"1014\">Responder d\u00favidas e solicita\u00e7\u00f5es;<\/p>\n<\/li>\n<li data-start=\"1015\" data-end=\"1091\">\n<p data-start=\"1017\" data-end=\"1091\">Enviar comunica\u00e7\u00f5es relacionadas aos nossos servi\u00e7os, quando autorizado;<\/p>\n<\/li>\n<li data-start=\"1092\" data-end=\"1140\">\n<p data-start=\"1094\" data-end=\"1140\">Melhorar a experi\u00eancia de navega\u00e7\u00e3o no site.<\/p>\n<\/li>\n<\/ul>\n<h2 data-start=\"1142\" data-end=\"1181\">3. Compartilhamento de Informa\u00e7\u00f5es<\/h2>\n<p data-start=\"1182\" data-end=\"1263\">N\u00e3o compartilhamos dados pessoais com terceiros, exceto quando necess\u00e1rio para:<\/p>\n<ul data-start=\"1264\" data-end=\"1455\">\n<li data-start=\"1264\" data-end=\"1310\">\n<p data-start=\"1266\" data-end=\"1310\">Cumprir obriga\u00e7\u00f5es legais ou regulat\u00f3rias;<\/p>\n<\/li>\n<li data-start=\"1311\" data-end=\"1362\">\n<p data-start=\"1313\" data-end=\"1362\">Atender determina\u00e7\u00f5es de autoridades judiciais;<\/p>\n<\/li>\n<li data-start=\"1363\" data-end=\"1455\">\n<p data-start=\"1365\" data-end=\"1455\">Proteger os direitos, a seguran\u00e7a e a integridade da Toledo Pacheco ou de seus clientes.<\/p>\n<\/li>\n<\/ul>\n<h2 data-start=\"1457\" data-end=\"1490\">4. Armazenamento e Seguran\u00e7a<\/h2>\n<p data-start=\"1491\" data-end=\"1656\">Os dados pessoais s\u00e3o armazenados em ambientes seguros, com medidas t\u00e9cnicas e administrativas adequadas para evitar acessos n\u00e3o autorizados, perdas ou vazamentos.<\/p>\n<h2 data-start=\"1658\" data-end=\"1685\">5. Direitos do Usu\u00e1rio<\/h2>\n<p data-start=\"1686\" data-end=\"1718\">Voc\u00ea pode, a qualquer momento:<\/p>\n<ul data-start=\"1719\" data-end=\"1904\">\n<li data-start=\"1719\" data-end=\"1769\">\n<p data-start=\"1721\" data-end=\"1769\">Solicitar acesso \u00e0s suas informa\u00e7\u00f5es pessoais;<\/p>\n<\/li>\n<li data-start=\"1770\" data-end=\"1807\">\n<p data-start=\"1772\" data-end=\"1807\">Corrigir ou atualizar seus dados;<\/p>\n<\/li>\n<li data-start=\"1808\" data-end=\"1853\">\n<p data-start=\"1810\" data-end=\"1853\">Solicitar a exclus\u00e3o de suas informa\u00e7\u00f5es;<\/p>\n<\/li>\n<li data-start=\"1854\" data-end=\"1904\">\n<p data-start=\"1856\" data-end=\"1904\">Revogar consentimentos previamente concedidos.<\/p>\n<\/li>\n<\/ul>\n<p data-start=\"1906\" data-end=\"1996\">Para exercer seus direitos, entre em contato pelo e-mail informado no rodap\u00e9 deste site.<\/p>\n<h2 data-start=\"1998\" data-end=\"2020\">6. Uso de Cookies<\/h2>\n<p data-start=\"2021\" data-end=\"2220\">Utilizamos cookies para melhorar a navega\u00e7\u00e3o e personalizar sua experi\u00eancia. Voc\u00ea pode desativ\u00e1-los nas configura\u00e7\u00f5es do seu navegador, ciente de que algumas funcionalidades podem ser prejudicadas.<\/p>\n<h2 data-start=\"2222\" data-end=\"2255\">7. Altera\u00e7\u00f5es desta Pol\u00edtica<\/h2>\n<p data-start=\"2256\" data-end=\"2448\">A Toledo Pacheco poder\u00e1 atualizar esta Pol\u00edtica de Privacidade periodicamente para refletir melhorias, altera\u00e7\u00f5es legais ou ajustes nos servi\u00e7os. Recomendamos a leitura regular desta p\u00e1gina.<\/p>\n<h2 data-start=\"2450\" data-end=\"2465\">8. Contato<\/h2>\n<p data-start=\"2466\" data-end=\"2586\">Caso tenha d\u00favidas sobre esta Pol\u00edtica ou sobre o uso de seus dados pessoais, entre em contato pelos seguintes canais:<\/p>\n<ul data-start=\"2587\" data-end=\"2705\">\n<li data-start=\"2587\" data-end=\"2633\">\n<p data-start=\"2589\" data-end=\"2633\"><strong data-start=\"2589\" data-end=\"2600\">E-mail:<\/strong> [inserir e-mail do escrit\u00f3rio]<\/p>\n<\/li>\n<li data-start=\"2634\" data-end=\"2670\">\n<p data-start=\"2636\" data-end=\"2670\"><strong data-start=\"2636\" data-end=\"2649\">Telefone:<\/strong> [inserir telefone]<\/p>\n<\/li>\n<li data-start=\"2671\" data-end=\"2705\">\n<p data-start=\"2673\" data-end=\"2705\"><strong data-start=\"2673\" data-end=\"2686\">WhatsApp:<\/strong> [inserir n\u00famero]<\/p>\n<\/li>\n<\/ul>\t\t\t\t\t\t\t\t<\/div>\n\t\t\t\t\t<\/div>\n\t\t\t\t<\/div>\n\t\t<div class=\"elementor-element elementor-element-a34c5ce e-flex e-con-boxed e-con e-parent\" data-id=\"a34c5ce\" data-element_type=\"container\" data-e-type=\"container\" data-settings=\"{&quot;background_background&quot;:&quot;classic&quot;}\">\n\t\t\t\t\t<div class=\"e-con-inner\">\n\t\t<div class=\"elementor-element elementor-element-3c1f7c8 e-con-full e-flex e-con e-child\" data-id=\"3c1f7c8\" data-element_type=\"container\" data-e-type=\"container\">\n\t\t\t\t<div class=\"elementor-element elementor-element-5f7e798 elementor-widget elementor-widget-image\" data-id=\"5f7e798\" data-element_type=\"widget\" data-e-type=\"widget\" data-widget_type=\"image.default\">\n\t\t\t\t\t\t\t\t\t\t\t\t\t\t\t<img decoding=\"async\" width=\"800\" height=\"233\" src=\"https:\/\/lp.toledopacheco.adv.br\/wp-content\/uploads\/2025\/09\/Toledo-Pacheco-Completa-Sem-fundo-branco-1024x298.png\" class=\"attachment-large size-large wp-image-50\" alt=\"\" srcset=\"https:\/\/lp.toledopacheco.adv.br\/wp-content\/uploads\/2025\/09\/Toledo-Pacheco-Completa-Sem-fundo-branco-1024x298.png 1024w, https:\/\/lp.toledopacheco.adv.br\/wp-content\/uploads\/2025\/09\/Toledo-Pacheco-Completa-Sem-fundo-branco-300x87.png 300w, https:\/\/lp.toledopacheco.adv.br\/wp-content\/uploads\/2025\/09\/Toledo-Pacheco-Completa-Sem-fundo-branco-768x223.png 768w, https:\/\/lp.toledopacheco.adv.br\/wp-content\/uploads\/2025\/09\/Toledo-Pacheco-Completa-Sem-fundo-branco-1536x446.png 1536w, https:\/\/lp.toledopacheco.adv.br\/wp-content\/uploads\/2025\/09\/Toledo-Pacheco-Completa-Sem-fundo-branco-2048x595.png 2048w\" sizes=\"(max-width: 800px) 100vw, 800px\" \/>\t\t\t\t\t\t\t\t\t\t\t\t\t\t\t<\/div>\n\t\t\t\t<\/div>\n\t\t<div class=\"elementor-element elementor-element-8f47a5d e-con-full e-flex e-con e-child\" data-id=\"8f47a5d\" data-element_type=\"container\" data-e-type=\"container\">\n\t\t\t\t<div class=\"elementor-element elementor-element-c742de2 elementor-widget__width-inherit elementor-widget elementor-widget-heading\" data-id=\"c742de2\" data-element_type=\"widget\" data-e-type=\"widget\" data-widget_type=\"heading.default\">\n\t\t\t\t\t<h2 class=\"elementor-heading-title elementor-size-default\">Contato<\/h2>\t\t\t\t<\/div>\n\t\t\t\t<div class=\"elementor-element elementor-element-69140e4 elementor-icon-list--layout-traditional elementor-list-item-link-full_width elementor-widget elementor-widget-icon-list\" data-id=\"69140e4\" data-element_type=\"widget\" data-e-type=\"widget\" data-widget_type=\"icon-list.default\">\n\t\t\t\t\t\t\t<ul class=\"elementor-icon-list-items\">\n\t\t\t\t\t\t\t<li class=\"elementor-icon-list-item\">\n\t\t\t\t\t\t\t\t\t\t\t<a href=\"https:\/\/wa.me\/5511916036798?text=Quero%20falar%20com%20a%20Dra.%20Luciana%20Toledo\" target=\"_blank\">\n\n\t\t\t\t\t\t\t\t\t\t\t\t<span class=\"elementor-icon-list-icon\">\n\t\t\t\t\t\t\t<svg aria-hidden=\"true\" class=\"e-font-icon-svg e-fas-phone-alt\" viewBox=\"0 0 512 512\" xmlns=\"http:\/\/www.w3.org\/2000\/svg\"><path d=\"M497.39 361.8l-112-48a24 24 0 0 0-28 6.9l-49.6 60.6A370.66 370.66 0 0 1 130.6 204.11l60.6-49.6a23.94 23.94 0 0 0 6.9-28l-48-112A24.16 24.16 0 0 0 122.6.61l-104 24A24 24 0 0 0 0 48c0 256.5 207.9 464 464 464a24 24 0 0 0 23.4-18.6l24-104a24.29 24.29 0 0 0-14.01-27.6z\"><\/path><\/svg>\t\t\t\t\t\t<\/span>\n\t\t\t\t\t\t\t\t\t\t<span class=\"elementor-icon-list-text\">+55 11 916036798<\/span>\n\t\t\t\t\t\t\t\t\t\t\t<\/a>\n\t\t\t\t\t\t\t\t\t<\/li>\n\t\t\t\t\t\t\t\t<li class=\"elementor-icon-list-item\">\n\t\t\t\t\t\t\t\t\t\t\t<span class=\"elementor-icon-list-icon\">\n\t\t\t\t\t\t\t<svg aria-hidden=\"true\" class=\"e-font-icon-svg e-far-envelope\" viewBox=\"0 0 512 512\" xmlns=\"http:\/\/www.w3.org\/2000\/svg\"><path d=\"M464 64H48C21.49 64 0 85.49 0 112v288c0 26.51 21.49 48 48 48h416c26.51 0 48-21.49 48-48V112c0-26.51-21.49-48-48-48zm0 48v40.805c-22.422 18.259-58.168 46.651-134.587 106.49-16.841 13.247-50.201 45.072-73.413 44.701-23.208.375-56.579-31.459-73.413-44.701C106.18 199.465 70.425 171.067 48 152.805V112h416zM48 400V214.398c22.914 18.251 55.409 43.862 104.938 82.646 21.857 17.205 60.134 55.186 103.062 54.955 42.717.231 80.509-37.199 103.053-54.947 49.528-38.783 82.032-64.401 104.947-82.653V400H48z\"><\/path><\/svg>\t\t\t\t\t\t<\/span>\n\t\t\t\t\t\t\t\t\t\t<span class=\"elementor-icon-list-text\">contato@contato.com.br<\/span>\n\t\t\t\t\t\t\t\t\t<\/li>\n\t\t\t\t\t\t<\/ul>\n\t\t\t\t\t\t<\/div>\n\t\t\t\t<\/div>\n\t\t<div class=\"elementor-element elementor-element-b9c0aa2 e-con-full e-flex e-con e-child\" data-id=\"b9c0aa2\" data-element_type=\"container\" data-e-type=\"container\">\n\t\t\t\t<div class=\"elementor-element elementor-element-3f3eefd elementor-widget__width-inherit elementor-widget elementor-widget-heading\" data-id=\"3f3eefd\" data-element_type=\"widget\" data-e-type=\"widget\" data-widget_type=\"heading.default\">\n\t\t\t\t\t<h2 class=\"elementor-heading-title elementor-size-default\">Local de Atendimento<\/h2>\t\t\t\t<\/div>\n\t\t\t\t<div class=\"elementor-element elementor-element-7f9cf5f elementor-icon-list--layout-traditional elementor-list-item-link-full_width elementor-widget elementor-widget-icon-list\" data-id=\"7f9cf5f\" data-element_type=\"widget\" data-e-type=\"widget\" data-widget_type=\"icon-list.default\">\n\t\t\t\t\t\t\t<ul class=\"elementor-icon-list-items\">\n\t\t\t\t\t\t\t<li class=\"elementor-icon-list-item\">\n\t\t\t\t\t\t\t\t\t\t\t<a href=\"https:\/\/www.google.com\/maps\/place\/Av.+Cidade+Jardim,+377+-+Jardim+Paulistano,+S\u00e3o+Paulo+-+SP,+01453-900\/data=!4m2!3m1!1s0x94ce5769167fdfa3:0x7fbdb79c4150aa0b?sa=X&#038;ved=1t:242&#038;ictx=111\">\n\n\t\t\t\t\t\t\t\t\t\t\t\t<span class=\"elementor-icon-list-icon\">\n\t\t\t\t\t\t\t<svg aria-hidden=\"true\" class=\"e-font-icon-svg e-fas-map-marker-alt\" viewBox=\"0 0 384 512\" xmlns=\"http:\/\/www.w3.org\/2000\/svg\"><path d=\"M172.268 501.67C26.97 291.031 0 269.413 0 192 0 85.961 85.961 0 192 0s192 85.961 192 192c0 77.413-26.97 99.031-172.268 309.67-9.535 13.774-29.93 13.773-39.464 0zM192 272c44.183 0 80-35.817 80-80s-35.817-80-80-80-80 35.817-80 80 35.817 80 80 80z\"><\/path><\/svg>\t\t\t\t\t\t<\/span>\n\t\t\t\t\t\t\t\t\t\t<span class=\"elementor-icon-list-text\">Av. Cidade Jardim, 377 - Jardim Paulistano S\u00e3o Paulo\u00a0-\u00a0SP,\u00a001453-900<\/span>\n\t\t\t\t\t\t\t\t\t\t\t<\/a>\n\t\t\t\t\t\t\t\t\t<\/li>\n\t\t\t\t\t\t<\/ul>\n\t\t\t\t\t\t<\/div>\n\t\t\t\t<\/div>\n\t\t<div class=\"elementor-element elementor-element-1110eca e-con-full e-flex e-con e-child\" data-id=\"1110eca\" data-element_type=\"container\" data-e-type=\"container\">\n\t\t\t\t<div class=\"elementor-element elementor-element-0a1352c elementor-widget__width-inherit elementor-widget elementor-widget-heading\" data-id=\"0a1352c\" data-element_type=\"widget\" data-e-type=\"widget\" data-widget_type=\"heading.default\">\n\t\t\t\t\t<h2 class=\"elementor-heading-title elementor-size-default\">Redes Sociais<\/h2>\t\t\t\t<\/div>\n\t\t\t\t<div class=\"elementor-element elementor-element-eefc09e e-grid-align-left elementor-shape-rounded elementor-grid-0 elementor-widget elementor-widget-social-icons\" data-id=\"eefc09e\" data-element_type=\"widget\" data-e-type=\"widget\" data-widget_type=\"social-icons.default\">\n\t\t\t\t\t\t\t<div class=\"elementor-social-icons-wrapper elementor-grid\">\n\t\t\t\t\t\t\t<span class=\"elementor-grid-item\">\n\t\t\t\t\t<a class=\"elementor-icon elementor-social-icon elementor-social-icon-instagram elementor-repeater-item-68a3e27\" target=\"_blank\">\n\t\t\t\t\t\t<span class=\"elementor-screen-only\">Instagram<\/span>\n\t\t\t\t\t\t<svg aria-hidden=\"true\" class=\"e-font-icon-svg e-fab-instagram\" viewBox=\"0 0 448 512\" xmlns=\"http:\/\/www.w3.org\/2000\/svg\"><path d=\"M224.1 141c-63.6 0-114.9 51.3-114.9 114.9s51.3 114.9 114.9 114.9S339 319.5 339 255.9 287.7 141 224.1 141zm0 189.6c-41.1 0-74.7-33.5-74.7-74.7s33.5-74.7 74.7-74.7 74.7 33.5 74.7 74.7-33.6 74.7-74.7 74.7zm146.4-194.3c0 14.9-12 26.8-26.8 26.8-14.9 0-26.8-12-26.8-26.8s12-26.8 26.8-26.8 26.8 12 26.8 26.8zm76.1 27.2c-1.7-35.9-9.9-67.7-36.2-93.9-26.2-26.2-58-34.4-93.9-36.2-37-2.1-147.9-2.1-184.9 0-35.8 1.7-67.6 9.9-93.9 36.1s-34.4 58-36.2 93.9c-2.1 37-2.1 147.9 0 184.9 1.7 35.9 9.9 67.7 36.2 93.9s58 34.4 93.9 36.2c37 2.1 147.9 2.1 184.9 0 35.9-1.7 67.7-9.9 93.9-36.2 26.2-26.2 34.4-58 36.2-93.9 2.1-37 2.1-147.8 0-184.8zM398.8 388c-7.8 19.6-22.9 34.7-42.6 42.6-29.5 11.7-99.5 9-132.1 9s-102.7 2.6-132.1-9c-19.6-7.8-34.7-22.9-42.6-42.6-11.7-29.5-9-99.5-9-132.1s-2.6-102.7 9-132.1c7.8-19.6 22.9-34.7 42.6-42.6 29.5-11.7 99.5-9 132.1-9s102.7-2.6 132.1 9c19.6 7.8 34.7 22.9 42.6 42.6 11.7 29.5 9 99.5 9 132.1s2.7 102.7-9 132.1z\"><\/path><\/svg>\t\t\t\t\t<\/a>\n\t\t\t\t<\/span>\n\t\t\t\t\t<\/div>\n\t\t\t\t\t\t<\/div>\n\t\t\t\t<\/div>\n\t\t<div class=\"elementor-element elementor-element-7c78b53 e-flex e-con-boxed e-con e-child\" data-id=\"7c78b53\" data-element_type=\"container\" data-e-type=\"container\">\n\t\t\t\t\t<div class=\"e-con-inner\">\n\t\t\t\t<div class=\"elementor-element elementor-element-da46249 elementor-widget__width-initial elementor-widget-mobile__width-inherit elementor-widget elementor-widget-text-editor\" data-id=\"da46249\" data-element_type=\"widget\" data-e-type=\"widget\" data-widget_type=\"text-editor.default\">\n\t\t\t\t\t\t\t\t\t<p>Toledo Pacheco &#8211; Todos os Direitos Reservados &#8211; Desenvolvido por <span style=\"color: #808080;\"><a style=\"color: #808080;\" href=\"https:\/\/eufacoseu.marketing\/?utm_source=cliente&amp;utm_medium=landing_page&amp;utm_campaign=diana&amp;utm_id=referencia\"><strong>EFSM<\/strong><\/a><\/span><\/p>\t\t\t\t\t\t\t\t<\/div>\n\t\t\t\t\t<\/div>\n\t\t\t\t<\/div>\n\t\t\t\t\t<\/div>\n\t\t\t\t<\/div>\n\t\t\t\t<\/div>\n\t\t","protected":false},"excerpt":{"rendered":"<p>Contato Pol\u00edtica de Privacidade \u2013 Toledo Pacheco Advocacia A Toledo Pacheco respeita a sua privacidade e se compromete a proteger os dados pessoais de todos os usu\u00e1rios que acessam este site. Esta Pol\u00edtica de Privacidade explica como coletamos, utilizamos, armazenamos e protegemos suas informa\u00e7\u00f5es. 1. Coleta de Informa\u00e7\u00f5es Podemos coletar informa\u00e7\u00f5es pessoais fornecidas voluntariamente por [&hellip;]<\/p>\n","protected":false},"author":1,"featured_media":0,"parent":0,"menu_order":0,"comment_status":"closed","ping_status":"open","template":"","meta":{"footnotes":""},"class_list":["post-3","page","type-page","status-publish","hentry"],"_links":{"self":[{"href":"https:\/\/lp.toledopacheco.adv.br\/index.php\/wp-json\/wp\/v2\/pages\/3","targetHints":{"allow":["GET"]}}],"collection":[{"href":"https:\/\/lp.toledopacheco.adv.br\/index.php\/wp-json\/wp\/v2\/pages"}],"about":[{"href":"https:\/\/lp.toledopacheco.adv.br\/index.php\/wp-json\/wp\/v2\/types\/page"}],"author":[{"embeddable":true,"href":"https:\/\/lp.toledopacheco.adv.br\/index.php\/wp-json\/wp\/v2\/users\/1"}],"replies":[{"embeddable":true,"href":"https:\/\/lp.toledopacheco.adv.br\/index.php\/wp-json\/wp\/v2\/comments?post=3"}],"version-history":[{"count":0,"href":"https:\/\/lp.toledopacheco.adv.br\/index.php\/wp-json\/wp\/v2\/pages\/3\/revisions"}],"wp:attachment":[{"href":"https:\/\/lp.toledopacheco.adv.br\/index.php\/wp-json\/wp\/v2\/media?parent=3"}],"curies":[{"name":"wp","href":"https:\/\/api.w.org\/{rel}","templated":true}]}}